{"id":728,"date":"2022-03-06T15:15:24","date_gmt":"2022-03-06T15:15:24","guid":{"rendered":"https:\/\/www.osearth.com\/?page_id=728"},"modified":"2022-03-06T15:16:20","modified_gmt":"2022-03-06T15:16:20","slug":"affiliate-offenlegungen","status":"publish","type":"page","link":"https:\/\/www.osearth.com\/de\/affiliate-offenlegungen\/","title":{"rendered":"Affiliate-Offenlegungen"},"content":{"rendered":"\n<h2 class=\"wp-block-heading\">Online-Marketing und Partner\u00adprogramme<\/h2>\n\n\n\n<h3 class=\"wp-block-heading\">Affiliate-Programme auf dieser Website<\/h3>\n\n\n\n<p>Der Websitebetreiber nimmt an Affiliate-Partnerprogrammen teil. Wenn Sie auf eine Werbeanzeige auf unserer Website klicken, die am Partnerprogramm teilnimmt und im Anschluss daran eine Transaktion (z.&nbsp;B. einen Kauf) t\u00e4tigen, erhalten wir hierf\u00fcr eine Verg\u00fctung von unseren Affiliate-Partnern. Daf\u00fcr ist es erforderlich, dass unsere Affiliate-Partner Sie identifizieren und nachvollziehen k\u00f6nnen, dass Sie \u00fcber die bei uns platzierte Werbeanzeige auf das jeweilige Produkt gekommen sind und die vordefinierte Transaktion vorgenommen haben. Hierf\u00fcr setzen unsere Affiliate-Partner Cookies oder vergleichbare Wiedererkennungstechnologien (z.&nbsp;B. Device-Fingerprinting) ein.<\/p>\n\n\n\n<p>Die Speicherung und Analyse der Daten erfolgt auf Grundlage von Art. 6 Abs. 1 lit. f DSGVO. Der Websitebetreiber hat ein berechtigtes Interesse an der korrekten Berechnung seiner Affiliate-Verg\u00fctung. Sofern eine entsprechende Einwilligung abgefragt wurde, erfolgt die Verarbeitung ausschlie\u00dflich auf Grundlage von Art. 6 Abs. 1 lit. a DSGVO und \u00a7 25 Abs. 1 TTDSG, soweit die Einwilligung die Speicherung von Cookies oder den Zugriff auf Informationen im Endger\u00e4t des Nutzers (z.&nbsp;B. Device-Fingerprinting) im Sinne des TTDSG umfasst. Die Einwilligung ist jederzeit widerrufbar.<\/p>\n\n\n\n<p>Wir nehmen an folgenden Affiliate-Programmen teil:<\/p>\n\n\n\n<h4 class=\"wp-block-heading\">Amazon Partner\u00adprogramm<\/h4>\n\n\n\n<p>Anbieter ist die Amazon Europe Core S.\u00e0.r.l. Details entnehmen Sie der Datenschutzerkl\u00e4rung von Amazon unter:&nbsp;<a href=\"https:\/\/www.amazon.de\/gp\/help\/customer\/display.html?nodeId=201909010\" target=\"_blank\" rel=\"noreferrer noopener\">https:\/\/www.amazon.de\/gp\/help\/customer\/display.html?nodeId=201909010<\/a>.<\/p>\n\n\n\n<h4 class=\"wp-block-heading\">AWIN<\/h4>\n\n\n\n<p>Betreiber des Affiliate-Netzwerks ist die AWIN AG, Eichhornstra\u00dfe 3, 10785 Berlin (nachfolgend \u201eAWIN\u201c). Wir sind mit AWIN und ggf. mit dem Werbetreibenden gemeinsam f\u00fcr die Datenverarbeitung im Zusammenhang mit dem Partnerprogramm verantwortlich. Die uns gemeinsam obliegenden Verpflichtungen wurden in einer Vereinbarung \u00fcber gemeinsame Verarbeitung festgehalten. Laut dieser Vereinbarung k\u00f6nnen Sie als Betroffener sich an jeden der Verantwortlichen mit Ihrem Anliegen wenden. Der jeweils zuerst angesprochene Verantwortliche wird Ihre Anfrage beantworten. Jeder Verantwortliche h\u00e4lt eigenst\u00e4ndig Datenschutzinformationen nach Art. 13, 14 und 26 DSGVO vor und trifft die erforderlichen Ma\u00dfnahmen zum Schutz personenbezogener Daten und zur Einhaltung der \u00fcbrigen DSGVO-Vorschriften in seinem Unternehmen. Der Vertrag \u00fcber gemeinsame Verarbeitung ist in den AGB von AWIN unter folgendem Link abrufbar:&nbsp;<a href=\"https:\/\/s3.amazonaws.com\/docs.awin.com\/Legal\/Publisher+Terms\/2020\/DE+Publisher+Terms+GDPR+Annex.pdf\" target=\"_blank\" rel=\"noreferrer noopener\">https:\/\/s3.amazonaws.com\/docs.awin.com\/Legal\/Publisher+Terms\/2020\/DE+Publisher+Terms+GDPR+Annex.pdf<\/a>.<\/p>\n","protected":false},"excerpt":{"rendered":"<p>Online-Marketing und Partner\u00adprogramme Affiliate-Programme auf dieser Website Der Websitebetreiber nimmt an Affiliate-Partnerprogrammen teil. Wenn Sie auf eine Werbeanzeige auf unserer Website klicken, die am Partnerprogramm teilnimmt und im Anschluss daran eine Transaktion (z.&nbsp;B. einen Kauf) t\u00e4tigen, erhalten wir hierf\u00fcr eine Verg\u00fctung von unseren Affiliate-Partnern. Daf\u00fcr ist es erforderlich, dass unsere Affiliate-Partner Sie identifizieren und nachvollziehen&#8230;<\/p>\n","protected":false},"author":1,"featured_media":0,"parent":0,"menu_order":0,"comment_status":"closed","ping_status":"closed","template":"","meta":{"inline_featured_image":false,"_kad_post_transparent":"","_kad_post_title":"","_kad_post_layout":"","_kad_post_sidebar_id":"","_kad_post_content_style":"","_kad_post_vertical_padding":"","_kad_post_feature":"","_kad_post_feature_position":"","_kad_post_header":false,"_kad_post_footer":false,"_kad_post_classname":"","footnotes":""},"class_list":["post-728","page","type-page","status-publish","hentry"],"_links":{"self":[{"href":"https:\/\/www.osearth.com\/de\/wp-json\/wp\/v2\/pages\/728","targetHints":{"allow":["GET"]}}],"collection":[{"href":"https:\/\/www.osearth.com\/de\/wp-json\/wp\/v2\/pages"}],"about":[{"href":"https:\/\/www.osearth.com\/de\/wp-json\/wp\/v2\/types\/page"}],"author":[{"embeddable":true,"href":"https:\/\/www.osearth.com\/de\/wp-json\/wp\/v2\/users\/1"}],"replies":[{"embeddable":true,"href":"https:\/\/www.osearth.com\/de\/wp-json\/wp\/v2\/comments?post=728"}],"version-history":[{"count":1,"href":"https:\/\/www.osearth.com\/de\/wp-json\/wp\/v2\/pages\/728\/revisions"}],"predecessor-version":[{"id":729,"href":"https:\/\/www.osearth.com\/de\/wp-json\/wp\/v2\/pages\/728\/revisions\/729"}],"wp:attachment":[{"href":"https:\/\/www.osearth.com\/de\/wp-json\/wp\/v2\/media?parent=728"}],"curies":[{"name":"wp","href":"https:\/\/api.w.org\/{rel}","templated":true}]}}